{"id":128,"date":"2022-09-14T10:44:30","date_gmt":"2022-09-14T10:44:30","guid":{"rendered":"https:\/\/agendaurbana.alcoi.org\/fases\/projectes\/"},"modified":"2022-11-07T08:09:28","modified_gmt":"2022-11-07T08:09:28","slug":"agenda-urbana-alcoy-proyectos","status":"publish","type":"page","link":"https:\/\/agendaurbana.alcoi.org\/es\/fases\/agenda-urbana-alcoy-proyectos\/","title":{"rendered":"Proyectos"},"content":{"rendered":"\n<div class=\"wp-block-columns is-layout-flex wp-container-core-columns-is-layout-9d6595d7 wp-block-columns-is-layout-flex\">\n<div class=\"wp-block-column is-layout-flow wp-block-column-is-layout-flow\">\n<p>Fruto del trabajo participativo interno llevado a cabo con el equipo pol\u00edtico y t\u00e9cnico del <a href=\"https:\/\/www.alcoi.org\/es\/portal\/index.html\" target=\"_blank\" rel=\"noreferrer noopener\">Ayuntamiento de Alcoy<\/a>, se ha organizado un conjunto m\u00e1s amplio de acciones, proyectos, planes y estrategias, seg\u00fan los <a href=\"https:\/\/agendaurbana.alcoi.org\/es\/\">10 Objetivos Estrat\u00e9gicos de la Agenda Urbana<\/a>.<\/p>\n<\/div>\n\n\n\n<div class=\"wp-block-column is-layout-flow wp-block-column-is-layout-flow\">\n<p>En este apartado se recoger\u00e1n los principales proyectos que vayan desarroll\u00e1ndose gracias a la colaboraci\u00f3n entre las Administraciones implicadas.<\/p>\n<\/div>\n<\/div>\n","protected":false},"excerpt":{"rendered":"<p>Fruto del trabajo participativo interno llevado a cabo con el equipo pol\u00edtico y t\u00e9cnico del Ayuntamiento de Alcoy, se ha organizado un conjunto m\u00e1s amplio de acciones, proyectos, planes y estrategias, seg\u00fan los 10 Objetivos Estrat\u00e9gicos de la Agenda Urbana. En este apartado se recoger\u00e1n los principales proyectos que vayan desarroll\u00e1ndose gracias a la colaboraci\u00f3n &hellip; <a href=\"https:\/\/agendaurbana.alcoi.org\/es\/fases\/agenda-urbana-alcoy-proyectos\/\">Continued<\/a><\/p>\n","protected":false},"author":1,"featured_media":0,"parent":104,"menu_order":3,"comment_status":"closed","ping_status":"closed","template":"template-fase.php","meta":{"inline_featured_image":false,"footnotes":""},"class_list":["post-128","page","type-page","status-publish","hentry"],"acf":[],"yoast_head":"<!-- This site is optimized with the Yoast SEO plugin v19.9 - https:\/\/yoast.com\/wordpress\/plugins\/seo\/ -->\n<title>Proyectos - Alcoi2030<\/title>\n<meta name=\"description\" content=\"En este apartado se recoger\u00e1n los principales proyectos que vayan desarroll\u00e1ndose con la implantaci\u00f3n de la Agenda Urbana de Alcoy\" \/>\n<meta name=\"robots\" content=\"index, follow, max-snippet:-1, max-image-preview:large, max-video-preview:-1\" \/>\n<link rel=\"canonical\" href=\"https:\/\/agendaurbana.alcoi.org\/es\/fases\/agenda-urbana-alcoy-proyectos\/\" \/>\n<meta property=\"og:locale\" content=\"es_ES\" \/>\n<meta property=\"og:type\" content=\"article\" \/>\n<meta property=\"og:title\" content=\"Proyectos - Alcoi2030\" \/>\n<meta property=\"og:description\" content=\"En este apartado se recoger\u00e1n los principales proyectos que vayan desarroll\u00e1ndose con la implantaci\u00f3n de la Agenda Urbana de Alcoy\" \/>\n<meta property=\"og:url\" content=\"https:\/\/agendaurbana.alcoi.org\/es\/fases\/agenda-urbana-alcoy-proyectos\/\" \/>\n<meta property=\"og:site_name\" content=\"Alcoi2030\" \/>\n<meta property=\"article:publisher\" content=\"https:\/\/www.facebook.com\/ajuntamentalcoi\/\" \/>\n<meta property=\"article:modified_time\" content=\"2022-11-07T08:09:28+00:00\" \/>\n<meta property=\"og:image\" content=\"https:\/\/agendaurbana.alcoi.org\/wp-content\/uploads\/2022\/10\/cropped-favicon.png\" \/>\n\t<meta property=\"og:image:width\" content=\"512\" \/>\n\t<meta property=\"og:image:height\" content=\"512\" \/>\n\t<meta property=\"og:image:type\" content=\"image\/png\" \/>\n<meta name=\"twitter:card\" content=\"summary_large_image\" \/>\n<meta name=\"twitter:site\" content=\"@AjuntamentAlcoi\" \/>\n<meta name=\"twitter:label1\" content=\"Tiempo de lectura\" \/>\n\t<meta name=\"twitter:data1\" content=\"1 minuto\" \/>\n<script type=\"application\/ld+json\" class=\"yoast-schema-graph\">{\"@context\":\"https:\/\/schema.org\",\"@graph\":[{\"@type\":\"WebPage\",\"@id\":\"https:\/\/agendaurbana.alcoi.org\/es\/fases\/agenda-urbana-alcoy-proyectos\/\",\"url\":\"https:\/\/agendaurbana.alcoi.org\/es\/fases\/agenda-urbana-alcoy-proyectos\/\",\"name\":\"Proyectos - Alcoi2030\",\"isPartOf\":{\"@id\":\"https:\/\/agendaurbana.alcoi.org\/#website\"},\"datePublished\":\"2022-09-14T10:44:30+00:00\",\"dateModified\":\"2022-11-07T08:09:28+00:00\",\"description\":\"En este apartado se recoger\u00e1n los principales proyectos que vayan desarroll\u00e1ndose con la implantaci\u00f3n de la Agenda Urbana de Alcoy\",\"breadcrumb\":{\"@id\":\"https:\/\/agendaurbana.alcoi.org\/es\/fases\/agenda-urbana-alcoy-proyectos\/#breadcrumb\"},\"inLanguage\":\"es\",\"potentialAction\":[{\"@type\":\"ReadAction\",\"target\":[\"https:\/\/agendaurbana.alcoi.org\/es\/fases\/agenda-urbana-alcoy-proyectos\/\"]}]},{\"@type\":\"BreadcrumbList\",\"@id\":\"https:\/\/agendaurbana.alcoi.org\/es\/fases\/agenda-urbana-alcoy-proyectos\/#breadcrumb\",\"itemListElement\":[{\"@type\":\"ListItem\",\"position\":1,\"name\":\"Portada\",\"item\":\"https:\/\/agendaurbana.alcoi.org\/es\/\"},{\"@type\":\"ListItem\",\"position\":2,\"name\":\"Fases\",\"item\":\"https:\/\/agendaurbana.alcoi.org\/es\/fases\/\"},{\"@type\":\"ListItem\",\"position\":3,\"name\":\"Proyectos\"}]},{\"@type\":\"WebSite\",\"@id\":\"https:\/\/agendaurbana.alcoi.org\/#website\",\"url\":\"https:\/\/agendaurbana.alcoi.org\/\",\"name\":\"Alcoi2030\",\"description\":\"Agenda urbana\",\"publisher\":{\"@id\":\"https:\/\/agendaurbana.alcoi.org\/#organization\"},\"potentialAction\":[{\"@type\":\"SearchAction\",\"target\":{\"@type\":\"EntryPoint\",\"urlTemplate\":\"https:\/\/agendaurbana.alcoi.org\/?s={search_term_string}\"},\"query-input\":\"required name=search_term_string\"}],\"inLanguage\":\"es\"},{\"@type\":\"Organization\",\"@id\":\"https:\/\/agendaurbana.alcoi.org\/#organization\",\"name\":\"Alcoi2030\",\"url\":\"https:\/\/agendaurbana.alcoi.org\/\",\"logo\":{\"@type\":\"ImageObject\",\"inLanguage\":\"es\",\"@id\":\"https:\/\/agendaurbana.alcoi.org\/#\/schema\/logo\/image\/\",\"url\":\"https:\/\/agendaurbana.alcoi.org\/wp-content\/uploads\/2022\/10\/cropped-favicon.png\",\"contentUrl\":\"https:\/\/agendaurbana.alcoi.org\/wp-content\/uploads\/2022\/10\/cropped-favicon.png\",\"width\":512,\"height\":512,\"caption\":\"Alcoi2030\"},\"image\":{\"@id\":\"https:\/\/agendaurbana.alcoi.org\/#\/schema\/logo\/image\/\"},\"sameAs\":[\"https:\/\/www.facebook.com\/ajuntamentalcoi\/\",\"https:\/\/twitter.com\/AjuntamentAlcoi\"]}]}<\/script>\n<!-- \/ Yoast SEO plugin. -->","yoast_head_json":{"title":"Proyectos - Alcoi2030","description":"En este apartado se recoger\u00e1n los principales proyectos que vayan desarroll\u00e1ndose con la implantaci\u00f3n de la Agenda Urbana de Alcoy","robots":{"index":"index","follow":"follow","max-snippet":"max-snippet:-1","max-image-preview":"max-image-preview:large","max-video-preview":"max-video-preview:-1"},"canonical":"https:\/\/agendaurbana.alcoi.org\/es\/fases\/agenda-urbana-alcoy-proyectos\/","og_locale":"es_ES","og_type":"article","og_title":"Proyectos - Alcoi2030","og_description":"En este apartado se recoger\u00e1n los principales proyectos que vayan desarroll\u00e1ndose con la implantaci\u00f3n de la Agenda Urbana de Alcoy","og_url":"https:\/\/agendaurbana.alcoi.org\/es\/fases\/agenda-urbana-alcoy-proyectos\/","og_site_name":"Alcoi2030","article_publisher":"https:\/\/www.facebook.com\/ajuntamentalcoi\/","article_modified_time":"2022-11-07T08:09:28+00:00","og_image":[{"width":512,"height":512,"url":"https:\/\/agendaurbana.alcoi.org\/wp-content\/uploads\/2022\/10\/cropped-favicon.png","type":"image\/png"}],"twitter_card":"summary_large_image","twitter_site":"@AjuntamentAlcoi","twitter_misc":{"Tiempo de lectura":"1 minuto"},"schema":{"@context":"https:\/\/schema.org","@graph":[{"@type":"WebPage","@id":"https:\/\/agendaurbana.alcoi.org\/es\/fases\/agenda-urbana-alcoy-proyectos\/","url":"https:\/\/agendaurbana.alcoi.org\/es\/fases\/agenda-urbana-alcoy-proyectos\/","name":"Proyectos - Alcoi2030","isPartOf":{"@id":"https:\/\/agendaurbana.alcoi.org\/#website"},"datePublished":"2022-09-14T10:44:30+00:00","dateModified":"2022-11-07T08:09:28+00:00","description":"En este apartado se recoger\u00e1n los principales proyectos que vayan desarroll\u00e1ndose con la implantaci\u00f3n de la Agenda Urbana de Alcoy","breadcrumb":{"@id":"https:\/\/agendaurbana.alcoi.org\/es\/fases\/agenda-urbana-alcoy-proyectos\/#breadcrumb"},"inLanguage":"es","potentialAction":[{"@type":"ReadAction","target":["https:\/\/agendaurbana.alcoi.org\/es\/fases\/agenda-urbana-alcoy-proyectos\/"]}]},{"@type":"BreadcrumbList","@id":"https:\/\/agendaurbana.alcoi.org\/es\/fases\/agenda-urbana-alcoy-proyectos\/#breadcrumb","itemListElement":[{"@type":"ListItem","position":1,"name":"Portada","item":"https:\/\/agendaurbana.alcoi.org\/es\/"},{"@type":"ListItem","position":2,"name":"Fases","item":"https:\/\/agendaurbana.alcoi.org\/es\/fases\/"},{"@type":"ListItem","position":3,"name":"Proyectos"}]},{"@type":"WebSite","@id":"https:\/\/agendaurbana.alcoi.org\/#website","url":"https:\/\/agendaurbana.alcoi.org\/","name":"Alcoi2030","description":"Agenda urbana","publisher":{"@id":"https:\/\/agendaurbana.alcoi.org\/#organization"},"potentialAction":[{"@type":"SearchAction","target":{"@type":"EntryPoint","urlTemplate":"https:\/\/agendaurbana.alcoi.org\/?s={search_term_string}"},"query-input":"required name=search_term_string"}],"inLanguage":"es"},{"@type":"Organization","@id":"https:\/\/agendaurbana.alcoi.org\/#organization","name":"Alcoi2030","url":"https:\/\/agendaurbana.alcoi.org\/","logo":{"@type":"ImageObject","inLanguage":"es","@id":"https:\/\/agendaurbana.alcoi.org\/#\/schema\/logo\/image\/","url":"https:\/\/agendaurbana.alcoi.org\/wp-content\/uploads\/2022\/10\/cropped-favicon.png","contentUrl":"https:\/\/agendaurbana.alcoi.org\/wp-content\/uploads\/2022\/10\/cropped-favicon.png","width":512,"height":512,"caption":"Alcoi2030"},"image":{"@id":"https:\/\/agendaurbana.alcoi.org\/#\/schema\/logo\/image\/"},"sameAs":["https:\/\/www.facebook.com\/ajuntamentalcoi\/","https:\/\/twitter.com\/AjuntamentAlcoi"]}]}},"_links":{"self":[{"href":"https:\/\/agendaurbana.alcoi.org\/es\/wp-json\/wp\/v2\/pages\/128","targetHints":{"allow":["GET"]}}],"collection":[{"href":"https:\/\/agendaurbana.alcoi.org\/es\/wp-json\/wp\/v2\/pages"}],"about":[{"href":"https:\/\/agendaurbana.alcoi.org\/es\/wp-json\/wp\/v2\/types\/page"}],"author":[{"embeddable":true,"href":"https:\/\/agendaurbana.alcoi.org\/es\/wp-json\/wp\/v2\/users\/1"}],"replies":[{"embeddable":true,"href":"https:\/\/agendaurbana.alcoi.org\/es\/wp-json\/wp\/v2\/comments?post=128"}],"version-history":[{"count":4,"href":"https:\/\/agendaurbana.alcoi.org\/es\/wp-json\/wp\/v2\/pages\/128\/revisions"}],"predecessor-version":[{"id":1256,"href":"https:\/\/agendaurbana.alcoi.org\/es\/wp-json\/wp\/v2\/pages\/128\/revisions\/1256"}],"up":[{"embeddable":true,"href":"https:\/\/agendaurbana.alcoi.org\/es\/wp-json\/wp\/v2\/pages\/104"}],"wp:attachment":[{"href":"https:\/\/agendaurbana.alcoi.org\/es\/wp-json\/wp\/v2\/media?parent=128"}],"curies":[{"name":"wp","href":"https:\/\/api.w.org\/{rel}","templated":true}]}}