{"id":129,"date":"2022-09-14T10:44:37","date_gmt":"2022-09-14T10:44:37","guid":{"rendered":"https:\/\/agendaurbana.alcoi.org\/fases\/seguiment-i-indicadors\/"},"modified":"2022-11-07T08:13:14","modified_gmt":"2022-11-07T08:13:14","slug":"agenda-urbana-alcoy-seguimiento-e-indicadores","status":"publish","type":"page","link":"https:\/\/agendaurbana.alcoi.org\/es\/fases\/agenda-urbana-alcoy-seguimiento-e-indicadores\/","title":{"rendered":"Seguimiento e indicadores"},"content":{"rendered":"\n<div class=\"wp-block-columns is-layout-flex wp-container-core-columns-is-layout-9d6595d7 wp-block-columns-is-layout-flex\">\n<div class=\"wp-block-column is-layout-flow wp-block-column-is-layout-flow\">\n<div class=\"wp-block-columns is-layout-flex wp-container-core-columns-is-layout-9d6595d7 wp-block-columns-is-layout-flex\">\n<div class=\"wp-block-column is-layout-flow wp-block-column-is-layout-flow\">\n<p>Una vez aprobado el plan de acci\u00f3n de la <a href=\"https:\/\/agendaurbana.alcoi.org\/es\/\">Agenda Urbana de Alcoy<\/a> y desarrollados los proyectos que en \u00e9l se recogen, se llevar\u00e1 a cabo un proceso de seguimiento y evaluaci\u00f3n a trav\u00e9s de indicadores asociados a cada uno de los \u00e1mbitos en que se desarrollan los objetivos estrat\u00e9gicos de la <a href=\"https:\/\/www.aue.gob.es\/\" target=\"_blank\" rel=\"noreferrer noopener\">Agenda Urbana Espa\u00f1ola<\/a>.<\/p>\n\n\n\n<p><\/p>\n<\/div>\n\n\n\n<div class=\"wp-block-column is-layout-flow wp-block-column-is-layout-flow\">\n<p>Estos indicadores deben servir para que todos los agentes interesados en su implementaci\u00f3n (muy especialmente las <a href=\"https:\/\/www.alcoi.org\/es\/portal\/index.html\" target=\"_blank\" rel=\"noreferrer noopener\">Entidades Locales<\/a>, adem\u00e1s del resto de Administraciones P\u00fablicas) puedan cuantificar su grado de compromiso en relaci\u00f3n con cada uno de ellos, a trav\u00e9s del establecimiento de unos resultados a alcanzar en el \u00e1mbito temporal de aplicaci\u00f3n de que se trate.<\/p>\n<\/div>\n<\/div>\n<\/div>\n<\/div>\n","protected":false},"excerpt":{"rendered":"<p>Una vez aprobado el plan de acci\u00f3n de la Agenda Urbana de Alcoy y desarrollados los proyectos que en \u00e9l se recogen, se llevar\u00e1 a cabo un proceso de seguimiento y evaluaci\u00f3n a trav\u00e9s de indicadores asociados a cada uno de los \u00e1mbitos en que se desarrollan los objetivos estrat\u00e9gicos de la Agenda Urbana Espa\u00f1ola. &hellip; <a href=\"https:\/\/agendaurbana.alcoi.org\/es\/fases\/agenda-urbana-alcoy-seguimiento-e-indicadores\/\">Continued<\/a><\/p>\n","protected":false},"author":1,"featured_media":0,"parent":104,"menu_order":4,"comment_status":"closed","ping_status":"closed","template":"template-fase.php","meta":{"inline_featured_image":false,"footnotes":""},"class_list":["post-129","page","type-page","status-publish","hentry"],"acf":[],"yoast_head":"<!-- This site is optimized with the Yoast SEO plugin v19.9 - https:\/\/yoast.com\/wordpress\/plugins\/seo\/ -->\n<title>Seguimiento e indicadores - Alcoi2030<\/title>\n<meta name=\"description\" content=\"Proceso de seguimiento y evaluaci\u00f3n a trav\u00e9s de indicadores asociados a cada uno de los objetivos espec\u00edficos de la Agenda Urbana de Alcoy.\" \/>\n<meta name=\"robots\" content=\"index, follow, max-snippet:-1, max-image-preview:large, max-video-preview:-1\" \/>\n<link rel=\"canonical\" href=\"https:\/\/agendaurbana.alcoi.org\/es\/fases\/agenda-urbana-alcoy-seguimiento-e-indicadores\/\" \/>\n<meta property=\"og:locale\" content=\"es_ES\" \/>\n<meta property=\"og:type\" content=\"article\" \/>\n<meta property=\"og:title\" content=\"Seguimiento e indicadores - Alcoi2030\" \/>\n<meta property=\"og:description\" content=\"Proceso de seguimiento y evaluaci\u00f3n a trav\u00e9s de indicadores asociados a cada uno de los objetivos espec\u00edficos de la Agenda Urbana de Alcoy.\" \/>\n<meta property=\"og:url\" content=\"https:\/\/agendaurbana.alcoi.org\/es\/fases\/agenda-urbana-alcoy-seguimiento-e-indicadores\/\" \/>\n<meta property=\"og:site_name\" content=\"Alcoi2030\" \/>\n<meta property=\"article:publisher\" content=\"https:\/\/www.facebook.com\/ajuntamentalcoi\/\" \/>\n<meta property=\"article:modified_time\" content=\"2022-11-07T08:13:14+00:00\" \/>\n<meta property=\"og:image\" content=\"https:\/\/agendaurbana.alcoi.org\/wp-content\/uploads\/2022\/10\/cropped-favicon.png\" \/>\n\t<meta property=\"og:image:width\" content=\"512\" \/>\n\t<meta property=\"og:image:height\" content=\"512\" \/>\n\t<meta property=\"og:image:type\" content=\"image\/png\" \/>\n<meta name=\"twitter:card\" content=\"summary_large_image\" \/>\n<meta name=\"twitter:site\" content=\"@AjuntamentAlcoi\" \/>\n<meta name=\"twitter:label1\" content=\"Tiempo de lectura\" \/>\n\t<meta name=\"twitter:data1\" content=\"1 minuto\" \/>\n<script type=\"application\/ld+json\" class=\"yoast-schema-graph\">{\"@context\":\"https:\/\/schema.org\",\"@graph\":[{\"@type\":\"WebPage\",\"@id\":\"https:\/\/agendaurbana.alcoi.org\/es\/fases\/agenda-urbana-alcoy-seguimiento-e-indicadores\/\",\"url\":\"https:\/\/agendaurbana.alcoi.org\/es\/fases\/agenda-urbana-alcoy-seguimiento-e-indicadores\/\",\"name\":\"Seguimiento e indicadores - Alcoi2030\",\"isPartOf\":{\"@id\":\"https:\/\/agendaurbana.alcoi.org\/#website\"},\"datePublished\":\"2022-09-14T10:44:37+00:00\",\"dateModified\":\"2022-11-07T08:13:14+00:00\",\"description\":\"Proceso de seguimiento y evaluaci\u00f3n a trav\u00e9s de indicadores asociados a cada uno de los objetivos espec\u00edficos de la Agenda Urbana de Alcoy.\",\"breadcrumb\":{\"@id\":\"https:\/\/agendaurbana.alcoi.org\/es\/fases\/agenda-urbana-alcoy-seguimiento-e-indicadores\/#breadcrumb\"},\"inLanguage\":\"es\",\"potentialAction\":[{\"@type\":\"ReadAction\",\"target\":[\"https:\/\/agendaurbana.alcoi.org\/es\/fases\/agenda-urbana-alcoy-seguimiento-e-indicadores\/\"]}]},{\"@type\":\"BreadcrumbList\",\"@id\":\"https:\/\/agendaurbana.alcoi.org\/es\/fases\/agenda-urbana-alcoy-seguimiento-e-indicadores\/#breadcrumb\",\"itemListElement\":[{\"@type\":\"ListItem\",\"position\":1,\"name\":\"Portada\",\"item\":\"https:\/\/agendaurbana.alcoi.org\/es\/\"},{\"@type\":\"ListItem\",\"position\":2,\"name\":\"Fases\",\"item\":\"https:\/\/agendaurbana.alcoi.org\/es\/fases\/\"},{\"@type\":\"ListItem\",\"position\":3,\"name\":\"Seguimiento e indicadores\"}]},{\"@type\":\"WebSite\",\"@id\":\"https:\/\/agendaurbana.alcoi.org\/#website\",\"url\":\"https:\/\/agendaurbana.alcoi.org\/\",\"name\":\"Alcoi2030\",\"description\":\"Agenda urbana\",\"publisher\":{\"@id\":\"https:\/\/agendaurbana.alcoi.org\/#organization\"},\"potentialAction\":[{\"@type\":\"SearchAction\",\"target\":{\"@type\":\"EntryPoint\",\"urlTemplate\":\"https:\/\/agendaurbana.alcoi.org\/?s={search_term_string}\"},\"query-input\":\"required name=search_term_string\"}],\"inLanguage\":\"es\"},{\"@type\":\"Organization\",\"@id\":\"https:\/\/agendaurbana.alcoi.org\/#organization\",\"name\":\"Alcoi2030\",\"url\":\"https:\/\/agendaurbana.alcoi.org\/\",\"logo\":{\"@type\":\"ImageObject\",\"inLanguage\":\"es\",\"@id\":\"https:\/\/agendaurbana.alcoi.org\/#\/schema\/logo\/image\/\",\"url\":\"https:\/\/agendaurbana.alcoi.org\/wp-content\/uploads\/2022\/10\/cropped-favicon.png\",\"contentUrl\":\"https:\/\/agendaurbana.alcoi.org\/wp-content\/uploads\/2022\/10\/cropped-favicon.png\",\"width\":512,\"height\":512,\"caption\":\"Alcoi2030\"},\"image\":{\"@id\":\"https:\/\/agendaurbana.alcoi.org\/#\/schema\/logo\/image\/\"},\"sameAs\":[\"https:\/\/www.facebook.com\/ajuntamentalcoi\/\",\"https:\/\/twitter.com\/AjuntamentAlcoi\"]}]}<\/script>\n<!-- \/ Yoast SEO plugin. -->","yoast_head_json":{"title":"Seguimiento e indicadores - Alcoi2030","description":"Proceso de seguimiento y evaluaci\u00f3n a trav\u00e9s de indicadores asociados a cada uno de los objetivos espec\u00edficos de la Agenda Urbana de Alcoy.","robots":{"index":"index","follow":"follow","max-snippet":"max-snippet:-1","max-image-preview":"max-image-preview:large","max-video-preview":"max-video-preview:-1"},"canonical":"https:\/\/agendaurbana.alcoi.org\/es\/fases\/agenda-urbana-alcoy-seguimiento-e-indicadores\/","og_locale":"es_ES","og_type":"article","og_title":"Seguimiento e indicadores - Alcoi2030","og_description":"Proceso de seguimiento y evaluaci\u00f3n a trav\u00e9s de indicadores asociados a cada uno de los objetivos espec\u00edficos de la Agenda Urbana de Alcoy.","og_url":"https:\/\/agendaurbana.alcoi.org\/es\/fases\/agenda-urbana-alcoy-seguimiento-e-indicadores\/","og_site_name":"Alcoi2030","article_publisher":"https:\/\/www.facebook.com\/ajuntamentalcoi\/","article_modified_time":"2022-11-07T08:13:14+00:00","og_image":[{"width":512,"height":512,"url":"https:\/\/agendaurbana.alcoi.org\/wp-content\/uploads\/2022\/10\/cropped-favicon.png","type":"image\/png"}],"twitter_card":"summary_large_image","twitter_site":"@AjuntamentAlcoi","twitter_misc":{"Tiempo de lectura":"1 minuto"},"schema":{"@context":"https:\/\/schema.org","@graph":[{"@type":"WebPage","@id":"https:\/\/agendaurbana.alcoi.org\/es\/fases\/agenda-urbana-alcoy-seguimiento-e-indicadores\/","url":"https:\/\/agendaurbana.alcoi.org\/es\/fases\/agenda-urbana-alcoy-seguimiento-e-indicadores\/","name":"Seguimiento e indicadores - Alcoi2030","isPartOf":{"@id":"https:\/\/agendaurbana.alcoi.org\/#website"},"datePublished":"2022-09-14T10:44:37+00:00","dateModified":"2022-11-07T08:13:14+00:00","description":"Proceso de seguimiento y evaluaci\u00f3n a trav\u00e9s de indicadores asociados a cada uno de los objetivos espec\u00edficos de la Agenda Urbana de Alcoy.","breadcrumb":{"@id":"https:\/\/agendaurbana.alcoi.org\/es\/fases\/agenda-urbana-alcoy-seguimiento-e-indicadores\/#breadcrumb"},"inLanguage":"es","potentialAction":[{"@type":"ReadAction","target":["https:\/\/agendaurbana.alcoi.org\/es\/fases\/agenda-urbana-alcoy-seguimiento-e-indicadores\/"]}]},{"@type":"BreadcrumbList","@id":"https:\/\/agendaurbana.alcoi.org\/es\/fases\/agenda-urbana-alcoy-seguimiento-e-indicadores\/#breadcrumb","itemListElement":[{"@type":"ListItem","position":1,"name":"Portada","item":"https:\/\/agendaurbana.alcoi.org\/es\/"},{"@type":"ListItem","position":2,"name":"Fases","item":"https:\/\/agendaurbana.alcoi.org\/es\/fases\/"},{"@type":"ListItem","position":3,"name":"Seguimiento e indicadores"}]},{"@type":"WebSite","@id":"https:\/\/agendaurbana.alcoi.org\/#website","url":"https:\/\/agendaurbana.alcoi.org\/","name":"Alcoi2030","description":"Agenda urbana","publisher":{"@id":"https:\/\/agendaurbana.alcoi.org\/#organization"},"potentialAction":[{"@type":"SearchAction","target":{"@type":"EntryPoint","urlTemplate":"https:\/\/agendaurbana.alcoi.org\/?s={search_term_string}"},"query-input":"required name=search_term_string"}],"inLanguage":"es"},{"@type":"Organization","@id":"https:\/\/agendaurbana.alcoi.org\/#organization","name":"Alcoi2030","url":"https:\/\/agendaurbana.alcoi.org\/","logo":{"@type":"ImageObject","inLanguage":"es","@id":"https:\/\/agendaurbana.alcoi.org\/#\/schema\/logo\/image\/","url":"https:\/\/agendaurbana.alcoi.org\/wp-content\/uploads\/2022\/10\/cropped-favicon.png","contentUrl":"https:\/\/agendaurbana.alcoi.org\/wp-content\/uploads\/2022\/10\/cropped-favicon.png","width":512,"height":512,"caption":"Alcoi2030"},"image":{"@id":"https:\/\/agendaurbana.alcoi.org\/#\/schema\/logo\/image\/"},"sameAs":["https:\/\/www.facebook.com\/ajuntamentalcoi\/","https:\/\/twitter.com\/AjuntamentAlcoi"]}]}},"_links":{"self":[{"href":"https:\/\/agendaurbana.alcoi.org\/es\/wp-json\/wp\/v2\/pages\/129","targetHints":{"allow":["GET"]}}],"collection":[{"href":"https:\/\/agendaurbana.alcoi.org\/es\/wp-json\/wp\/v2\/pages"}],"about":[{"href":"https:\/\/agendaurbana.alcoi.org\/es\/wp-json\/wp\/v2\/types\/page"}],"author":[{"embeddable":true,"href":"https:\/\/agendaurbana.alcoi.org\/es\/wp-json\/wp\/v2\/users\/1"}],"replies":[{"embeddable":true,"href":"https:\/\/agendaurbana.alcoi.org\/es\/wp-json\/wp\/v2\/comments?post=129"}],"version-history":[{"count":3,"href":"https:\/\/agendaurbana.alcoi.org\/es\/wp-json\/wp\/v2\/pages\/129\/revisions"}],"predecessor-version":[{"id":1258,"href":"https:\/\/agendaurbana.alcoi.org\/es\/wp-json\/wp\/v2\/pages\/129\/revisions\/1258"}],"up":[{"embeddable":true,"href":"https:\/\/agendaurbana.alcoi.org\/es\/wp-json\/wp\/v2\/pages\/104"}],"wp:attachment":[{"href":"https:\/\/agendaurbana.alcoi.org\/es\/wp-json\/wp\/v2\/media?parent=129"}],"curies":[{"name":"wp","href":"https:\/\/api.w.org\/{rel}","templated":true}]}}